{"id":65,"date":"2019-10-16T15:37:52","date_gmt":"2019-10-16T13:37:52","guid":{"rendered":"https:\/\/radirna.cz\/kupony\/contact\/"},"modified":"2020-01-03T15:41:53","modified_gmt":"2020-01-03T14:41:53","slug":"kontakt","status":"publish","type":"page","link":"https:\/\/www.radirna.cz\/kupony\/kontakt\/","title":{"rendered":"Kontakt"},"content":{"rendered":"\n<p>U\u017e od roku 2009 d\u011bl\u00e1me \u010desk\u00fd internet lep\u0161\u00edm m\u00edstem. Bezplatn\u00e9 n\u00e1vody, slevy, tipy a rady na jednom m\u00edst\u011b. To je mise webu Rad\u00edrna.cz<\/p>\n\n\n\n<h2 class=\"wp-block-heading\">N\u00e1\u0161 t\u00fdm<\/h2>\n\n\n\n<p>Na slevov\u00e9m port\u00e1lu radirna.cz\/kupony pro v\u00e1s pracuj\u00ed:<\/p>\n\n\n\n<figure class=\"wp-block-gallery columns-4 is-cropped wp-block-gallery-1 is-layout-flex wp-block-gallery-is-layout-flex\"><ul class=\"blocks-gallery-grid\"><li class=\"blocks-gallery-item\"><figure><img loading=\"lazy\" decoding=\"async\" width=\"646\" height=\"656\" src=\"https:\/\/www.radirna.cz\/kupony\/wp-content\/uploads\/2020\/01\/dominika.png\" alt=\"\" data-id=\"1055\" data-full-url=\"https:\/\/www.radirna.cz\/kupony\/wp-content\/uploads\/2020\/01\/dominika.png\" data-link=\"https:\/\/www.radirna.cz\/kupony\/?attachment_id=1055\" class=\"wp-image-1055\"\/><figcaption class=\"blocks-gallery-item__caption\">Dominika (vyhled\u00e1v\u00e1n\u00ed slev)<\/figcaption><\/figure><\/li><li class=\"blocks-gallery-item\"><figure><img loading=\"lazy\" decoding=\"async\" width=\"652\" height=\"651\" src=\"https:\/\/www.radirna.cz\/kupony\/wp-content\/uploads\/2020\/01\/monika.png\" alt=\"\" data-id=\"1056\" data-full-url=\"https:\/\/www.radirna.cz\/kupony\/wp-content\/uploads\/2020\/01\/monika.png\" data-link=\"https:\/\/www.radirna.cz\/kupony\/?attachment_id=1056\" class=\"wp-image-1056\"\/><figcaption class=\"blocks-gallery-item__caption\">Jana (spolupr\u00e1ce s partnery)<\/figcaption><\/figure><\/li><li class=\"blocks-gallery-item\"><figure><img loading=\"lazy\" decoding=\"async\" width=\"650\" height=\"652\" src=\"https:\/\/www.radirna.cz\/kupony\/wp-content\/uploads\/2020\/01\/jana.png\" alt=\"\" data-id=\"1057\" data-full-url=\"https:\/\/www.radirna.cz\/kupony\/wp-content\/uploads\/2020\/01\/jana.png\" data-link=\"https:\/\/www.radirna.cz\/kupony\/?attachment_id=1057\" class=\"wp-image-1057\"\/><figcaption class=\"blocks-gallery-item__caption\">Tereza (copywriting)<\/figcaption><\/figure><\/li><li class=\"blocks-gallery-item\"><figure><img loading=\"lazy\" decoding=\"async\" width=\"624\" height=\"629\" src=\"https:\/\/www.radirna.cz\/kupony\/wp-content\/uploads\/2020\/01\/andrej.png\" alt=\"\" data-id=\"1058\" data-full-url=\"https:\/\/www.radirna.cz\/kupony\/wp-content\/uploads\/2020\/01\/andrej.png\" data-link=\"https:\/\/www.radirna.cz\/kupony\/?attachment_id=1058\" class=\"wp-image-1058\"\/><figcaption class=\"blocks-gallery-item__caption\">Andrej (program\u00e1tor)<\/figcaption><\/figure><\/li><\/ul><\/figure>\n\n\n\n<h2 class=\"wp-block-heading\">Jak se s n\u00e1mi spojit?<\/h2>\n\n\n\n<p>Pokud m\u00e1te z\u00e1jem o spolupr\u00e1ci, napi\u0161te n\u00e1m na: redakce@radirna.cz<\/p>\n\n\n\n<p>Do 1 pracovn\u00edho dne se s v\u00e1mi spoj\u00edme.<\/p>\n\n\n\n<h2 class=\"wp-block-heading\">Po\u0161tovn\u00ed adresa:<\/h2>\n\n\n\n<p>Rad\u00edrna.cz<\/p>\n\n\n\n<p>Drtinova 10<\/p>\n\n\n\n<p>150 00 Praha 5<\/p>\n","protected":false},"excerpt":{"rendered":"<p>U\u017e od roku 2009 d\u011bl\u00e1me \u010desk\u00fd internet lep\u0161\u00edm m\u00edstem. Bezplatn\u00e9 n\u00e1vody, slevy, tipy a rady na jednom m\u00edst\u011b. To je mise webu Rad\u00edrna.cz N\u00e1\u0161 t\u00fdm Na slevov\u00e9m port\u00e1lu radirna.cz\/kupony pro v\u00e1s pracuj\u00ed: Jak se s n\u00e1mi spojit? Pokud m\u00e1te z\u00e1jem o spolupr\u00e1ci, napi\u0161te n\u00e1m na: redakce@radirna.cz Do 1 pracovn\u00edho dne se s v\u00e1mi spoj\u00edme. Po\u0161tovn\u00ed [&hellip;]<\/p>\n","protected":false},"author":1,"featured_media":0,"parent":0,"menu_order":0,"comment_status":"closed","ping_status":"closed","template":"","meta":{"footnotes":""},"yoast_head":"<!-- This site is optimized with the Yoast SEO plugin v21.7 - https:\/\/yoast.com\/wordpress\/plugins\/seo\/ -->\n<title>Kontakt - Slevov\u00e9 kup\u00f3ny a k\u00f3dy Kv\u011bten 2026<\/title>\n<meta name=\"robots\" content=\"index, follow, max-snippet:-1, max-image-preview:large, max-video-preview:-1\" \/>\n<link rel=\"canonical\" href=\"https:\/\/www.radirna.cz\/kupony\/kontakt\/\" \/>\n<meta property=\"og:locale\" content=\"cs_CZ\" \/>\n<meta property=\"og:type\" content=\"article\" \/>\n<meta property=\"og:title\" content=\"Kontakt - Slevov\u00e9 kup\u00f3ny a k\u00f3dy Kv\u011bten 2026\" \/>\n<meta property=\"og:description\" content=\"U\u017e od roku 2009 d\u011bl\u00e1me \u010desk\u00fd internet lep\u0161\u00edm m\u00edstem. Bezplatn\u00e9 n\u00e1vody, slevy, tipy a rady na jednom m\u00edst\u011b. To je mise webu Rad\u00edrna.cz N\u00e1\u0161 t\u00fdm Na slevov\u00e9m port\u00e1lu radirna.cz\/kupony pro v\u00e1s pracuj\u00ed: Jak se s n\u00e1mi spojit? Pokud m\u00e1te z\u00e1jem o spolupr\u00e1ci, napi\u0161te n\u00e1m na: redakce@radirna.cz Do 1 pracovn\u00edho dne se s v\u00e1mi spoj\u00edme. Po\u0161tovn\u00ed [&hellip;]\" \/>\n<meta property=\"og:url\" content=\"https:\/\/www.radirna.cz\/kupony\/kontakt\/\" \/>\n<meta property=\"og:site_name\" content=\"Slevov\u00e9 kup\u00f3ny a k\u00f3dy\" \/>\n<meta property=\"article:modified_time\" content=\"2020-01-03T14:41:53+00:00\" \/>\n<meta property=\"og:image\" content=\"https:\/\/www.radirna.cz\/kupony\/wp-content\/uploads\/2020\/01\/dominika.png\" \/>\n<meta name=\"twitter:card\" content=\"summary_large_image\" \/>\n<meta name=\"twitter:label1\" content=\"Odhadovan\u00e1 doba \u010dten\u00ed\" \/>\n\t<meta name=\"twitter:data1\" content=\"1 minuta\" \/>\n<script type=\"application\/ld+json\" class=\"yoast-schema-graph\">{\"@context\":\"https:\/\/schema.org\",\"@graph\":[{\"@type\":\"WebPage\",\"@id\":\"https:\/\/www.radirna.cz\/kupony\/kontakt\/\",\"url\":\"https:\/\/www.radirna.cz\/kupony\/kontakt\/\",\"name\":\"Kontakt - Slevov\u00e9 kup\u00f3ny a k\u00f3dy Kv\u011bten 2026\",\"isPartOf\":{\"@id\":\"https:\/\/www.radirna.cz\/kupony\/#website\"},\"datePublished\":\"2019-10-16T13:37:52+00:00\",\"dateModified\":\"2020-01-03T14:41:53+00:00\",\"breadcrumb\":{\"@id\":\"https:\/\/www.radirna.cz\/kupony\/kontakt\/#breadcrumb\"},\"inLanguage\":\"cs\",\"potentialAction\":[{\"@type\":\"ReadAction\",\"target\":[\"https:\/\/www.radirna.cz\/kupony\/kontakt\/\"]}]},{\"@type\":\"BreadcrumbList\",\"@id\":\"https:\/\/www.radirna.cz\/kupony\/kontakt\/#breadcrumb\",\"itemListElement\":[{\"@type\":\"ListItem\",\"position\":1,\"name\":\"Slevov\u00e9 kup\u00f3ny\",\"item\":\"https:\/\/www.radirna.cz\/kupony\/\"},{\"@type\":\"ListItem\",\"position\":2,\"name\":\"Kontakt\"}]},{\"@type\":\"WebSite\",\"@id\":\"https:\/\/www.radirna.cz\/kupony\/#website\",\"url\":\"https:\/\/www.radirna.cz\/kupony\/\",\"name\":\"Slevov\u00e9 kup\u00f3ny a k\u00f3dy\",\"description\":\"M\u00edsto, kde u\u0161et\u0159\u00edte\",\"potentialAction\":[{\"@type\":\"SearchAction\",\"target\":{\"@type\":\"EntryPoint\",\"urlTemplate\":\"https:\/\/www.radirna.cz\/kupony\/?s={search_term_string}\"},\"query-input\":\"required name=search_term_string\"}],\"inLanguage\":\"cs\"}]}<\/script>\n<!-- \/ Yoast SEO plugin. -->","yoast_head_json":{"title":"Kontakt - Slevov\u00e9 kup\u00f3ny a k\u00f3dy Kv\u011bten 2026","robots":{"index":"index","follow":"follow","max-snippet":"max-snippet:-1","max-image-preview":"max-image-preview:large","max-video-preview":"max-video-preview:-1"},"canonical":"https:\/\/www.radirna.cz\/kupony\/kontakt\/","og_locale":"cs_CZ","og_type":"article","og_title":"Kontakt - Slevov\u00e9 kup\u00f3ny a k\u00f3dy Kv\u011bten 2026","og_description":"U\u017e od roku 2009 d\u011bl\u00e1me \u010desk\u00fd internet lep\u0161\u00edm m\u00edstem. Bezplatn\u00e9 n\u00e1vody, slevy, tipy a rady na jednom m\u00edst\u011b. To je mise webu Rad\u00edrna.cz N\u00e1\u0161 t\u00fdm Na slevov\u00e9m port\u00e1lu radirna.cz\/kupony pro v\u00e1s pracuj\u00ed: Jak se s n\u00e1mi spojit? Pokud m\u00e1te z\u00e1jem o spolupr\u00e1ci, napi\u0161te n\u00e1m na: redakce@radirna.cz Do 1 pracovn\u00edho dne se s v\u00e1mi spoj\u00edme. Po\u0161tovn\u00ed [&hellip;]","og_url":"https:\/\/www.radirna.cz\/kupony\/kontakt\/","og_site_name":"Slevov\u00e9 kup\u00f3ny a k\u00f3dy","article_modified_time":"2020-01-03T14:41:53+00:00","og_image":[{"url":"https:\/\/www.radirna.cz\/kupony\/wp-content\/uploads\/2020\/01\/dominika.png"}],"twitter_card":"summary_large_image","twitter_misc":{"Odhadovan\u00e1 doba \u010dten\u00ed":"1 minuta"},"schema":{"@context":"https:\/\/schema.org","@graph":[{"@type":"WebPage","@id":"https:\/\/www.radirna.cz\/kupony\/kontakt\/","url":"https:\/\/www.radirna.cz\/kupony\/kontakt\/","name":"Kontakt - Slevov\u00e9 kup\u00f3ny a k\u00f3dy Kv\u011bten 2026","isPartOf":{"@id":"https:\/\/www.radirna.cz\/kupony\/#website"},"datePublished":"2019-10-16T13:37:52+00:00","dateModified":"2020-01-03T14:41:53+00:00","breadcrumb":{"@id":"https:\/\/www.radirna.cz\/kupony\/kontakt\/#breadcrumb"},"inLanguage":"cs","potentialAction":[{"@type":"ReadAction","target":["https:\/\/www.radirna.cz\/kupony\/kontakt\/"]}]},{"@type":"BreadcrumbList","@id":"https:\/\/www.radirna.cz\/kupony\/kontakt\/#breadcrumb","itemListElement":[{"@type":"ListItem","position":1,"name":"Slevov\u00e9 kup\u00f3ny","item":"https:\/\/www.radirna.cz\/kupony\/"},{"@type":"ListItem","position":2,"name":"Kontakt"}]},{"@type":"WebSite","@id":"https:\/\/www.radirna.cz\/kupony\/#website","url":"https:\/\/www.radirna.cz\/kupony\/","name":"Slevov\u00e9 kup\u00f3ny a k\u00f3dy","description":"M\u00edsto, kde u\u0161et\u0159\u00edte","potentialAction":[{"@type":"SearchAction","target":{"@type":"EntryPoint","urlTemplate":"https:\/\/www.radirna.cz\/kupony\/?s={search_term_string}"},"query-input":"required name=search_term_string"}],"inLanguage":"cs"}]}},"_links":{"self":[{"href":"https:\/\/www.radirna.cz\/kupony\/wp-json\/wp\/v2\/pages\/65"}],"collection":[{"href":"https:\/\/www.radirna.cz\/kupony\/wp-json\/wp\/v2\/pages"}],"about":[{"href":"https:\/\/www.radirna.cz\/kupony\/wp-json\/wp\/v2\/types\/page"}],"author":[{"embeddable":true,"href":"https:\/\/www.radirna.cz\/kupony\/wp-json\/wp\/v2\/users\/1"}],"replies":[{"embeddable":true,"href":"https:\/\/www.radirna.cz\/kupony\/wp-json\/wp\/v2\/comments?post=65"}],"version-history":[{"count":5,"href":"https:\/\/www.radirna.cz\/kupony\/wp-json\/wp\/v2\/pages\/65\/revisions"}],"predecessor-version":[{"id":1061,"href":"https:\/\/www.radirna.cz\/kupony\/wp-json\/wp\/v2\/pages\/65\/revisions\/1061"}],"wp:attachment":[{"href":"https:\/\/www.radirna.cz\/kupony\/wp-json\/wp\/v2\/media?parent=65"}],"curies":[{"name":"wp","href":"https:\/\/api.w.org\/{rel}","templated":true}]}}